{"id":87,"date":"2022-01-01T14:00:13","date_gmt":"2022-01-01T13:00:13","guid":{"rendered":"https:\/\/krishna-glump.de\/holzbildhauer-baur\/?page_id=87"},"modified":"2022-01-01T14:00:13","modified_gmt":"2022-01-01T13:00:13","slug":"impressum","status":"publish","type":"page","link":"https:\/\/holzbildhauer-baur.de\/holzbildhauer-baur\/impressum\/","title":{"rendered":"Impressum"},"content":{"rendered":"\n<p>Holzbildhauer Baur<\/p>\n\n\n\n<p>Pfarrgasse 10<br>71282 Starzach<br>Deutschalnd<\/p>\n\n\n\n<p>Telefon: 07483 \/ 266<br>Fax: 07483 \/ 9289076<br>E-Mail: info@holzbildhauer-baur.de<\/p>\n\n\n\n<p>Gesch\u00e4ftsinhaber: Josef Baur<\/p>\n\n\n\n<p>Umsatzsteuer-Identifikationsnummer gem\u00e4\u00df \u00a7 27a Umsatzsteuergesetz: DE146863545<\/p>\n\n\n\n<p><\/p>\n\n\n\n<p>Haftungshinweis<br>Trotz sorgf\u00e4ltiger Pr\u00fcfung und inhaltlicher Kontrolle \u00fcbernehmen wir keine Haftung f\u00fcr die Inhalte externer Links. F\u00fcr den Inhalt der verlinkten Seiten sind ausschlie\u00dflich deren Betreiber verantwortlich.<\/p>\n","protected":false},"excerpt":{"rendered":"<p>Holzbildhauer Baur Pfarrgasse 1071282 StarzachDeutschalnd Telefon: 07483 \/ 266Fax: 07483 \/ 9289076E-Mail: info@holzbildhauer-baur.de Gesch\u00e4ftsinhaber: Josef Baur Umsatzsteuer-Identifikationsnummer gem\u00e4\u00df \u00a7 27a Umsatzsteuergesetz: DE146863545 HaftungshinweisTrotz sorgf\u00e4ltiger Pr\u00fcfung und inhaltlicher Kontrolle \u00fcbernehmen wir keine Haftung f\u00fcr die Inhalte externer Links. F\u00fcr den Inhalt der verlinkten Seiten sind ausschlie\u00dflich deren Betreiber verantwortlich.<\/p>\n","protected":false},"author":1,"featured_media":0,"parent":0,"menu_order":0,"comment_status":"closed","ping_status":"closed","template":"","meta":{"_genesis_hide_title":false,"_genesis_hide_breadcrumbs":false,"_genesis_hide_singular_image":false,"_genesis_hide_footer_widgets":false,"_genesis_custom_body_class":"","_genesis_custom_post_class":"","_genesis_layout":"","ngg_post_thumbnail":0,"footnotes":""},"class_list":{"0":"post-87","1":"page","2":"type-page","3":"status-publish","5":"entry"},"featured_image_src":null,"featured_image_src_square":null,"_links":{"self":[{"href":"https:\/\/holzbildhauer-baur.de\/holzbildhauer-baur\/wp-json\/wp\/v2\/pages\/87","targetHints":{"allow":["GET"]}}],"collection":[{"href":"https:\/\/holzbildhauer-baur.de\/holzbildhauer-baur\/wp-json\/wp\/v2\/pages"}],"about":[{"href":"https:\/\/holzbildhauer-baur.de\/holzbildhauer-baur\/wp-json\/wp\/v2\/types\/page"}],"author":[{"embeddable":true,"href":"https:\/\/holzbildhauer-baur.de\/holzbildhauer-baur\/wp-json\/wp\/v2\/users\/1"}],"replies":[{"embeddable":true,"href":"https:\/\/holzbildhauer-baur.de\/holzbildhauer-baur\/wp-json\/wp\/v2\/comments?post=87"}],"version-history":[{"count":1,"href":"https:\/\/holzbildhauer-baur.de\/holzbildhauer-baur\/wp-json\/wp\/v2\/pages\/87\/revisions"}],"predecessor-version":[{"id":88,"href":"https:\/\/holzbildhauer-baur.de\/holzbildhauer-baur\/wp-json\/wp\/v2\/pages\/87\/revisions\/88"}],"wp:attachment":[{"href":"https:\/\/holzbildhauer-baur.de\/holzbildhauer-baur\/wp-json\/wp\/v2\/media?parent=87"}],"curies":[{"name":"wp","href":"https:\/\/api.w.org\/{rel}","templated":true}]}}