{"id":8,"date":"2021-12-18T16:02:01","date_gmt":"2021-12-18T15:02:01","guid":{"rendered":"https:\/\/krishna-glump.de\/holzbildhauer-baur\/?page_id=8"},"modified":"2022-01-01T13:50:26","modified_gmt":"2022-01-01T12:50:26","slug":"kontakt","status":"publish","type":"page","link":"https:\/\/holzbildhauer-baur.de\/holzbildhauer-baur\/kontakt\/","title":{"rendered":"Kontaktieren Sie uns"},"content":{"rendered":"\n<p>F\u00fcllen Sie dieses Formular aus, wenn Sie weitere Informationen ben\u00f6tigen. Wir treten schnellstm\u00f6glich mit Ihnen in Verbindung.<\/p>\n\n\n\n<div class=\"forminator-guttenberg\"><div class=\"forminator-ui forminator-custom-form forminator-custom-form-84 forminator-design--material  forminator_ajax\" data-forminator-render=\"0\" data-form=\"forminator-module-84\" data-uid=\"69ea2b7c4f973\"><br\/><\/div><form\n\t\t\t\tid=\"forminator-module-84\"\n\t\t\t\tclass=\"forminator-ui forminator-custom-form forminator-custom-form-84 forminator-design--material  forminator_ajax\"\n\t\t\t\tmethod=\"post\"\n\t\t\t\tdata-forminator-render=\"0\"\n\t\t\t\tdata-form-id=\"84\"\n\t\t\t\t\n\t\t\t\tdata-design=\"material\"\n\t\t\t\t\n\t\t\t\t\n\t\t\t\t\n\t\t\t\tdata-grid=\"open\"\n\t\t\t\t\n\t\t\t\t\n\t\t\t\tstyle=\"display: none;\"\n\t\t\t\t\n\t\t\t\tdata-uid=\"69ea2b7c4f973\"\n\t\t\t><div role=\"alert\" aria-live=\"polite\" class=\"forminator-response-message forminator-error\" aria-hidden=\"true\"><\/div><div class=\"forminator-row\"><div id=\"name-1\" class=\"forminator-field-name forminator-col forminator-col-12 \"><div class=\"forminator-row forminator-no-margin\" data-multiple=\"true\"><div class=\"forminator-col forminator-col-md-6\"><div class=\"forminator-field\"><label for=\"forminator-field-first-name-1_69ea2b7c4f973\" id=\"forminator-field-first-name-1_69ea2b7c4f973-label\" class=\"forminator-label\">Vorname <span class=\"forminator-required\">*<\/span><\/label><input type=\"text\" name=\"name-1-first-name\" placeholder=\"\" id=\"forminator-field-first-name-1_69ea2b7c4f973\" class=\"forminator-input\" aria-required=\"true\" data-multi=\"1\" value=\"\" \/><\/div><\/div><div class=\"forminator-col forminator-col-md-6\"><div class=\"forminator-field\"><label for=\"forminator-field-last-name-1_69ea2b7c4f973\" id=\"forminator-field-last-name-1_69ea2b7c4f973-label\" class=\"forminator-label\">Nachname <span class=\"forminator-required\">*<\/span><\/label><input type=\"text\" name=\"name-1-last-name\" placeholder=\"\" id=\"forminator-field-last-name-1_69ea2b7c4f973\" class=\"forminator-input\" aria-required=\"true\" data-multi=\"1\" value=\"\" \/><\/div><\/div><\/div><\/div><\/div><div class=\"forminator-row\"><div id=\"address-1\" class=\"forminator-field-address forminator-col forminator-col-12 \"><div class=\"forminator-row\"><div id=\"address-1-street_address\" class=\"forminator-col\"><div class=\"forminator-field\"><label for=\"forminator-field-address-1-street_address_69ea2b7c4f973\" id=\"forminator-field-address-1-street_address_69ea2b7c4f973-label\" class=\"forminator-label\">Stra\u00dfe<\/label><input type=\"text\" name=\"address-1-street_address\" placeholder=\"\" id=\"forminator-field-address-1-street_address_69ea2b7c4f973\" class=\"forminator-input\" data-required=\"\" aria-required=\"false\" value=\"\" \/><\/div><\/div><\/div><div class=\"forminator-row\" data-multiple=\"false\"><div id=\"address-1-city\" class=\"forminator-col forminator-col-12\"><div class=\"forminator-field\"><label for=\"forminator-field-address-1-city_69ea2b7c4f973\" id=\"forminator-field-address-1-city_69ea2b7c4f973-label\" class=\"forminator-label\">Ort<\/label><input type=\"text\" name=\"address-1-city\" placeholder=\"\" id=\"forminator-field-address-1-city_69ea2b7c4f973\" class=\"forminator-input\" data-required=\"\" aria-required=\"false\" value=\"\" \/><\/div><\/div><\/div><div class=\"forminator-row\" data-multiple=\"false\"><div id=\"address-1-zip\" class=\"forminator-col forminator-col-12\"><div class=\"forminator-field\"><label for=\"forminator-field-address-1-zip_69ea2b7c4f973\" id=\"forminator-field-address-1-zip_69ea2b7c4f973-label\" class=\"forminator-label\">PLZ<\/label><input type=\"text\" name=\"address-1-zip\" placeholder=\"\" id=\"forminator-field-address-1-zip_69ea2b7c4f973\" class=\"forminator-input\" value=\"\" \/><\/div><\/div><\/div><\/div><\/div><div class=\"forminator-row\"><div id=\"phone-1\" class=\"forminator-field-phone forminator-col forminator-col-12 \"><div class=\"forminator-field\"><label for=\"forminator-field-phone-1_69ea2b7c4f973\" id=\"forminator-field-phone-1_69ea2b7c4f973-label\" class=\"forminator-label\">Telefonnummer (f\u00fcr R\u00fcckfragen)<\/label><input type=\"text\" name=\"phone-1\" value=\"\" placeholder=\"\" id=\"forminator-field-phone-1_69ea2b7c4f973\" class=\"forminator-input forminator-field--phone\" data-required=\"\" aria-required=\"false\" autocomplete=\"off\" \/><\/div><\/div><\/div><div class=\"forminator-row\"><div id=\"email-1\" class=\"forminator-field-email forminator-col forminator-col-12 \"><div class=\"forminator-field\"><label for=\"forminator-field-email-1_69ea2b7c4f973\" id=\"forminator-field-email-1_69ea2b7c4f973-label\" class=\"forminator-label\">E-Mail <span class=\"forminator-required\">*<\/span><\/label><input type=\"email\" name=\"email-1\" value=\"\" placeholder=\"\" id=\"forminator-field-email-1_69ea2b7c4f973\" class=\"forminator-input forminator-email--field\" data-required=\"1\" aria-required=\"true\" \/><\/div><\/div><\/div><div class=\"forminator-row\"><div id=\"textarea-1\" class=\"forminator-field-textarea forminator-col forminator-col-12 \"><div class=\"forminator-field\"><label for=\"forminator-field-textarea-1_69ea2b7c4f973\" id=\"forminator-field-textarea-1_69ea2b7c4f973-label\" class=\"forminator-label\">Ihre Anfrage <span class=\"forminator-required\">*<\/span><\/label><textarea name=\"textarea-1\" placeholder=\"\" id=\"forminator-field-textarea-1_69ea2b7c4f973\" class=\"forminator-textarea\" rows=\"6\" style=\"min-height:140px;\" ><\/textarea><\/div><\/div><\/div><div class=\"forminator-row\"><\/div><input type=\"hidden\" name=\"referer_url\" value=\"\" \/><div class=\"forminator-row forminator-row-last\"><div class=\"forminator-col\"><div class=\"forminator-field\"><button class=\"forminator-button forminator-button-submit\"><span>Absenden<\/span><span aria-hidden=\"true\"><\/span><\/button><\/div><\/div><\/div><input type=\"hidden\" id=\"forminator_nonce\" name=\"forminator_nonce\" value=\"49f4489b16\" \/><input type=\"hidden\" name=\"_wp_http_referer\" value=\"\/holzbildhauer-baur\/wp-json\/wp\/v2\/pages\/8\" \/><input type=\"hidden\" name=\"form_id\" value=\"84\"><input type=\"hidden\" name=\"page_id\" value=\"8\"><input type=\"hidden\" name=\"form_type\" value=\"default\"><input type=\"hidden\" name=\"current_url\" value=\"https:\/\/holzbildhauer-baur.de\/holzbildhauer-baur\/kontakt\/\"><input type=\"hidden\" name=\"render_id\" value=\"0\"><input type=\"hidden\" name=\"action\" value=\"forminator_submit_form_custom-forms\"><\/form><\/div>\n","protected":false},"excerpt":{"rendered":"<p>F\u00fcllen Sie dieses Formular aus, wenn Sie weitere Informationen ben\u00f6tigen. Wir treten schnellstm\u00f6glich mit Ihnen in Verbindung.<\/p>\n","protected":false},"author":1,"featured_media":0,"parent":0,"menu_order":0,"comment_status":"closed","ping_status":"closed","template":"","meta":{"_genesis_hide_title":false,"_genesis_hide_breadcrumbs":false,"_genesis_hide_singular_image":false,"_genesis_hide_footer_widgets":false,"_genesis_custom_body_class":"","_genesis_custom_post_class":"","_genesis_layout":"","ngg_post_thumbnail":0,"footnotes":""},"class_list":{"0":"post-8","1":"page","2":"type-page","3":"status-publish","5":"entry"},"featured_image_src":null,"featured_image_src_square":null,"_links":{"self":[{"href":"https:\/\/holzbildhauer-baur.de\/holzbildhauer-baur\/wp-json\/wp\/v2\/pages\/8","targetHints":{"allow":["GET"]}}],"collection":[{"href":"https:\/\/holzbildhauer-baur.de\/holzbildhauer-baur\/wp-json\/wp\/v2\/pages"}],"about":[{"href":"https:\/\/holzbildhauer-baur.de\/holzbildhauer-baur\/wp-json\/wp\/v2\/types\/page"}],"author":[{"embeddable":true,"href":"https:\/\/holzbildhauer-baur.de\/holzbildhauer-baur\/wp-json\/wp\/v2\/users\/1"}],"replies":[{"embeddable":true,"href":"https:\/\/holzbildhauer-baur.de\/holzbildhauer-baur\/wp-json\/wp\/v2\/comments?post=8"}],"version-history":[{"count":2,"href":"https:\/\/holzbildhauer-baur.de\/holzbildhauer-baur\/wp-json\/wp\/v2\/pages\/8\/revisions"}],"predecessor-version":[{"id":85,"href":"https:\/\/holzbildhauer-baur.de\/holzbildhauer-baur\/wp-json\/wp\/v2\/pages\/8\/revisions\/85"}],"wp:attachment":[{"href":"https:\/\/holzbildhauer-baur.de\/holzbildhauer-baur\/wp-json\/wp\/v2\/media?parent=8"}],"curies":[{"name":"wp","href":"https:\/\/api.w.org\/{rel}","templated":true}]}}