{"id":7,"date":"2021-12-18T16:02:01","date_gmt":"2021-12-18T15:02:01","guid":{"rendered":"https:\/\/krishna-glump.de\/holzbildhauer-baur\/?page_id=7"},"modified":"2022-01-02T17:19:30","modified_gmt":"2022-01-02T16:19:30","slug":"ueber-uns","status":"publish","type":"page","link":"https:\/\/holzbildhauer-baur.de\/holzbildhauer-baur\/ueber-uns\/","title":{"rendered":"Geschichte Holzbildhauer Baur in Starzach Bierlingen"},"content":{"rendered":"\n<p>Teamarbeit war und ist die Voraussetzung daf\u00fcr, dass wir unseren Familienbetrieb bereits in der 3. Generation f\u00fchren k\u00f6nnen. Meine beiden Br\u00fcder Reinhold und Ludwig und nicht zuletzt ich sind stolz darauf, dass sich unsere F\u00e4higkeiten schon auf unseren Gro\u00dfvater zur\u00fcckf\u00fchren lassen. Dieser war von Beruf Schreiner und baute M\u00f6bel mit Schnitzereien. <\/p>\n\n\n\n<p>Unser Vater lie\u00df sich wohl von dieser T\u00e4tigkeit inspirieren. Er besuchte eine Holzbildhauerschule und gr\u00fcndete anschlie\u00dfend sein eigenes Gesch\u00e4ft. Die Fertigung von Reliefbildern mit Schwarzwald- und Alpenlandschaften, Kuckucksuhren, Barometern, Tischlampen und Couchtischen kennzeichnen sein Berufsbild. Mein Bruder Reinhold und ich begaben uns in die Fu\u00dfstapfen unseres Vaters. Auch wir erlernten das Holzbildhauerhandwerk. Mein anderer Bruder Ludwig entschied sich f\u00fcr das Schreinerhandwerk wie unser Gro\u00dfvater.<\/p>\n\n\n\n<p>Heute erg\u00e4nzen wir uns in unseren Fertigkeiten und F\u00e4higkeiten. W\u00e4hrend Ludwig mich in allen Vorarbeiten unterst\u00fctzt, ist Reinhold f\u00fcr das Bemalen meiner vielf\u00e4ltigen Arbeiten zust\u00e4ndig.<\/p>\n\n\n\n<div class=\"wp-block-genesis-blocks-gb-columns gb-layout-columns-3 gb-3-col-equal\"><div class=\"gb-layout-column-wrap gb-block-layout-column-gap-2 gb-is-responsive-column\">\n<div class=\"wp-block-genesis-blocks-gb-column gb-block-layout-column\"><div class=\"gb-block-layout-column-inner\">\n<h5 class=\"has-text-align-center wp-block-heading\"><strong>Bilder<\/strong><\/h5>\n\n\n\n<figure class=\"wp-block-image size-full\"><img loading=\"lazy\" decoding=\"async\" width=\"650\" height=\"702\" src=\"https:\/\/krishna-glump.de\/holzbildhauer-baur\/wp-content\/uploads\/2022\/01\/bierl-mod-kirche-650.jpg\" alt=\"\" class=\"wp-image-201\" srcset=\"https:\/\/holzbildhauer-baur.de\/holzbildhauer-baur\/wp-content\/uploads\/2022\/01\/bierl-mod-kirche-650.jpg 650w, https:\/\/holzbildhauer-baur.de\/holzbildhauer-baur\/wp-content\/uploads\/2022\/01\/bierl-mod-kirche-650-278x300.jpg 278w\" sizes=\"auto, (max-width: 650px) 100vw, 650px\" \/><\/figure>\n<\/div><\/div>\n\n\n\n<div class=\"wp-block-genesis-blocks-gb-column gb-block-layout-column\"><div class=\"gb-block-layout-column-inner\">\n<h5 class=\"has-text-align-center wp-block-heading\"><strong>Figuren<\/strong><\/h5>\n\n\n\n<div class=\"wp-block-image\"><figure class=\"aligncenter size-full is-resized\"><img loading=\"lazy\" decoding=\"async\" src=\"https:\/\/krishna-glump.de\/holzbildhauer-baur\/wp-content\/uploads\/2022\/01\/img282-mod-650.jpg\" alt=\"\" class=\"wp-image-202\" width=\"111\" height=\"271\" srcset=\"https:\/\/holzbildhauer-baur.de\/holzbildhauer-baur\/wp-content\/uploads\/2022\/01\/img282-mod-650.jpg 266w, https:\/\/holzbildhauer-baur.de\/holzbildhauer-baur\/wp-content\/uploads\/2022\/01\/img282-mod-650-123x300.jpg 123w\" sizes=\"auto, (max-width: 111px) 100vw, 111px\" \/><\/figure><\/div>\n<\/div><\/div>\n\n\n\n<div class=\"wp-block-genesis-blocks-gb-column gb-block-layout-column\"><div class=\"gb-block-layout-column-inner\">\n<h5 class=\"has-text-align-center wp-block-heading\"><strong>Sonderanfertigungen<\/strong><\/h5>\n\n\n\n<div class=\"wp-block-image\"><figure class=\"aligncenter size-full is-resized\"><img loading=\"lazy\" decoding=\"async\" src=\"https:\/\/krishna-glump.de\/holzbildhauer-baur\/wp-content\/uploads\/2022\/01\/IMG_0203.jpg\" alt=\"\" class=\"wp-image-203\" width=\"222\" height=\"274\" srcset=\"https:\/\/holzbildhauer-baur.de\/holzbildhauer-baur\/wp-content\/uploads\/2022\/01\/IMG_0203.jpg 524w, https:\/\/holzbildhauer-baur.de\/holzbildhauer-baur\/wp-content\/uploads\/2022\/01\/IMG_0203-242x300.jpg 242w\" sizes=\"auto, (max-width: 222px) 100vw, 222px\" \/><\/figure><\/div>\n<\/div><\/div>\n<\/div><\/div>\n\n\n\n<div style=\"height:52px\" aria-hidden=\"true\" class=\"wp-block-spacer\"><\/div>\n\n\n\n<h2 class=\"wp-block-heading\">Grundlage aller Arbeiten ist Lindenholz<\/h2>\n\n\n\n<p>Es wird als Stammholz gekauft, anschlie\u00dfend auf verschiedene St\u00e4rken ges\u00e4gt und schlie\u00dflich 3 \u2013 5 Jahre lufttrocken gelagert.<\/p>\n\n\n\n<p>Das Lindenholz wird auf L\u00e4nge ges\u00e4gt, bes\u00e4umt, gef\u00fcgt und anschlie\u00dfend verleimt.<\/p>\n\n\n\n<p>Der Entwurf einer Zeichnung wird auf das Holz \u00fcbertragen<\/p>\n\n\n\n<p>Mit dem Schnitzermesser wird das Holzst\u00fcck gro\u00df herausgehauen und danach verfeinert bis dem Ganzen schlie\u00dflich mit dem Zierschnitzermesser eine ausdrucksstarke Form gegeben werden kann.<\/p>\n\n\n\n<p>Schnitzereien werden mit verschiedenen Farben veredelt (wasserl\u00f6sliche Farben, \u00d6lfarben, Dispersionsfarben, Acrylfarben)<\/p>\n\n\n\n<p>Das Wachsen, Lackieren oder \u00d6len der Schnitzerei bildet den letzten Arbeitsgang<\/p>\n","protected":false},"excerpt":{"rendered":"<p>Teamarbeit war und ist die Voraussetzung daf\u00fcr, dass wir unseren Familienbetrieb bereits in der 3. Generation f\u00fchren k\u00f6nnen. Meine beiden Br\u00fcder Reinhold und Ludwig und nicht zuletzt ich sind stolz darauf, dass sich unsere F\u00e4higkeiten schon auf unseren Gro\u00dfvater zur\u00fcckf\u00fchren lassen. Dieser war von Beruf Schreiner und baute M\u00f6bel mit Schnitzereien. Unser Vater lie\u00df sich [&hellip;]<\/p>\n","protected":false},"author":1,"featured_media":0,"parent":0,"menu_order":0,"comment_status":"closed","ping_status":"closed","template":"","meta":{"_genesis_hide_title":false,"_genesis_hide_breadcrumbs":false,"_genesis_hide_singular_image":false,"_genesis_hide_footer_widgets":false,"_genesis_custom_body_class":"","_genesis_custom_post_class":"","_genesis_layout":"","ngg_post_thumbnail":0,"footnotes":""},"class_list":{"0":"post-7","1":"page","2":"type-page","3":"status-publish","5":"entry"},"featured_image_src":null,"featured_image_src_square":null,"_links":{"self":[{"href":"https:\/\/holzbildhauer-baur.de\/holzbildhauer-baur\/wp-json\/wp\/v2\/pages\/7","targetHints":{"allow":["GET"]}}],"collection":[{"href":"https:\/\/holzbildhauer-baur.de\/holzbildhauer-baur\/wp-json\/wp\/v2\/pages"}],"about":[{"href":"https:\/\/holzbildhauer-baur.de\/holzbildhauer-baur\/wp-json\/wp\/v2\/types\/page"}],"author":[{"embeddable":true,"href":"https:\/\/holzbildhauer-baur.de\/holzbildhauer-baur\/wp-json\/wp\/v2\/users\/1"}],"replies":[{"embeddable":true,"href":"https:\/\/holzbildhauer-baur.de\/holzbildhauer-baur\/wp-json\/wp\/v2\/comments?post=7"}],"version-history":[{"count":10,"href":"https:\/\/holzbildhauer-baur.de\/holzbildhauer-baur\/wp-json\/wp\/v2\/pages\/7\/revisions"}],"predecessor-version":[{"id":210,"href":"https:\/\/holzbildhauer-baur.de\/holzbildhauer-baur\/wp-json\/wp\/v2\/pages\/7\/revisions\/210"}],"wp:attachment":[{"href":"https:\/\/holzbildhauer-baur.de\/holzbildhauer-baur\/wp-json\/wp\/v2\/media?parent=7"}],"curies":[{"name":"wp","href":"https:\/\/api.w.org\/{rel}","templated":true}]}}