{"id":6,"date":"2021-12-18T16:02:01","date_gmt":"2021-12-18T15:02:01","guid":{"rendered":"https:\/\/krishna-glump.de\/holzbildhauer-baur\/?page_id=6"},"modified":"2022-01-02T17:00:59","modified_gmt":"2022-01-02T16:00:59","slug":"gestalte-deine-website-mit-bloecken","status":"publish","type":"page","link":"https:\/\/holzbildhauer-baur.de\/holzbildhauer-baur\/","title":{"rendered":"Herzlich Willkommen"},"content":{"rendered":"\n<h2 class=\"wp-block-heading\">beim Holzbildhauer Josef Baur, Holzschnitzerei in Starzach<\/h2>\n\n\n\n<figure class=\"wp-block-image size-large\"><img loading=\"lazy\" decoding=\"async\" width=\"1024\" height=\"832\" src=\"https:\/\/krishna-glump.de\/holzbildhauer-baur\/wp-content\/uploads\/2022\/01\/baur1-1024x832.jpg\" alt=\"\" class=\"wp-image-198\" srcset=\"https:\/\/holzbildhauer-baur.de\/holzbildhauer-baur\/wp-content\/uploads\/2022\/01\/baur1-1024x832.jpg 1024w, https:\/\/holzbildhauer-baur.de\/holzbildhauer-baur\/wp-content\/uploads\/2022\/01\/baur1-300x244.jpg 300w, https:\/\/holzbildhauer-baur.de\/holzbildhauer-baur\/wp-content\/uploads\/2022\/01\/baur1-768x624.jpg 768w, https:\/\/holzbildhauer-baur.de\/holzbildhauer-baur\/wp-content\/uploads\/2022\/01\/baur1.jpg 1200w\" sizes=\"auto, (max-width: 1024px) 100vw, 1024px\" \/><\/figure>\n\n\n\n<div class=\"wp-block-genesis-blocks-gb-columns gb-layout-columns-2 gb-2-col-equal\"><div class=\"gb-layout-column-wrap gb-block-layout-column-gap-2 gb-is-responsive-column\">\n<div class=\"wp-block-genesis-blocks-gb-column gb-block-layout-column\"><div class=\"gb-block-layout-column-inner gb-has-custom-background-color\" style=\"padding:25px;background-color:#f5f5f5\">\n<h2 class=\"wp-block-heading\">100% Handgefertigt<\/h2>\n\n\n\n<p>Alle Schnitzereien ob Reliefs aus dem Schwarzwald, sakrale oder allt\u00e4gliche Motive, Weihnachtskrippen oder Holzmasken f\u00fcr die Fasnet, s\u00e4mtliche Arbeiten sind handgefertigte Schnitzarbeiten, die in eigenen Werkst\u00e4tten vom Holzschnitzer Baur hergestellt und bemalt werden.<\/p>\n<\/div><\/div>\n\n\n\n<div class=\"wp-block-genesis-blocks-gb-column gb-block-layout-column\"><div class=\"gb-block-layout-column-inner gb-has-custom-background-color\" style=\"padding:25px;background-color:#f5f5f5\">\n<h2 class=\"wp-block-heading\">Individuelle Auftragsarbeiten<\/h2>\n\n\n\n<p>Gerne fertigen wir auch nach Ihren pers\u00f6nlichen W\u00fcnschen und Vorgaben f\u00fcr die unterschiedlichsten Anl\u00e4sse, wie z. B., Vereinsjubil\u00e4en, Siegerehrungen, Firmenjubil\u00e4en, Geburten, Hochzeiten, Meisterpr\u00fcfungen, Gastgeschenke Vereine usw.<br>Einige Auftragsarbeiten stellen wir Ihnen als Ideengeber vor.<\/p>\n<\/div><\/div>\n<\/div><\/div>\n\n\n\n<figure class=\"wp-block-pullquote alignwide\"><blockquote><p>Wir bringen ihren Wunsch ins Holz!<\/p><\/blockquote><\/figure>\n","protected":false},"excerpt":{"rendered":"<p>beim Holzbildhauer Josef Baur, Holzschnitzerei in Starzach Wir bringen ihren Wunsch ins Holz!<\/p>\n","protected":false},"author":1,"featured_media":0,"parent":0,"menu_order":0,"comment_status":"closed","ping_status":"closed","template":"","meta":{"_genesis_hide_title":false,"_genesis_hide_breadcrumbs":false,"_genesis_hide_singular_image":false,"_genesis_hide_footer_widgets":false,"_genesis_custom_body_class":"","_genesis_custom_post_class":"","_genesis_layout":"","ngg_post_thumbnail":0,"footnotes":""},"class_list":{"0":"post-6","1":"page","2":"type-page","3":"status-publish","5":"entry"},"featured_image_src":null,"featured_image_src_square":null,"_links":{"self":[{"href":"https:\/\/holzbildhauer-baur.de\/holzbildhauer-baur\/wp-json\/wp\/v2\/pages\/6","targetHints":{"allow":["GET"]}}],"collection":[{"href":"https:\/\/holzbildhauer-baur.de\/holzbildhauer-baur\/wp-json\/wp\/v2\/pages"}],"about":[{"href":"https:\/\/holzbildhauer-baur.de\/holzbildhauer-baur\/wp-json\/wp\/v2\/types\/page"}],"author":[{"embeddable":true,"href":"https:\/\/holzbildhauer-baur.de\/holzbildhauer-baur\/wp-json\/wp\/v2\/users\/1"}],"replies":[{"embeddable":true,"href":"https:\/\/holzbildhauer-baur.de\/holzbildhauer-baur\/wp-json\/wp\/v2\/comments?post=6"}],"version-history":[{"count":6,"href":"https:\/\/holzbildhauer-baur.de\/holzbildhauer-baur\/wp-json\/wp\/v2\/pages\/6\/revisions"}],"predecessor-version":[{"id":199,"href":"https:\/\/holzbildhauer-baur.de\/holzbildhauer-baur\/wp-json\/wp\/v2\/pages\/6\/revisions\/199"}],"wp:attachment":[{"href":"https:\/\/holzbildhauer-baur.de\/holzbildhauer-baur\/wp-json\/wp\/v2\/media?parent=6"}],"curies":[{"name":"wp","href":"https:\/\/api.w.org\/{rel}","templated":true}]}}